{"id":1088,"date":"2014-10-17T18:48:27","date_gmt":"2014-10-17T16:48:27","guid":{"rendered":"https:\/\/docday.ch\/?page_id=1088"},"modified":"2014-10-17T18:48:27","modified_gmt":"2014-10-17T16:48:27","slug":"autres-exposants","status":"publish","type":"page","link":"https:\/\/docday.ch\/fr\/visiteurs\/autres-exposants\/","title":{"rendered":"Autres exposants"},"content":{"rendered":"<p>A c\u00f4t\u00e9 des <a href=\"https:\/\/docday.ch\/fr\/disciplines-medicales-representees\/\" title=\"Disciplines m\u00e9dicales repr\u00e9sent\u00e9es\">soci\u00e9t\u00e9s m\u00e9dicales sp\u00e9cialis\u00e9es<\/a> et <a href=\"https:\/\/docday.ch\/fr\/partenaires\/\" title=\"Partenaires\">les entreprises partenaires<\/a>, il y aura aussi les exposants suivants :<br \/>\n<span class=\"\" style=\"display:block;clear:both;height: 0px;padding-top: 30px;border-top-width:0px;border-bottom-width:0px;\"><\/span><br \/>\n[one_fourth]<br \/>\n<span class=\"\" style=\"display:block;clear:both;height: 0px;padding-top: 30px;border-top-width:0px;border-bottom-width:0px;\"><\/span><br \/>\n<a href=\"http:\/\/www.interessenverband.ch\"><img loading=\"lazy\" decoding=\"async\" src=\"https:\/\/docday.ch\/wp-content\/uploads\/2014\/06\/IV_logo-300x48.png\" alt=\"IV_logo\" width=\"300\" height=\"48\" class=\"alignnone size-medium wp-image-1069\" srcset=\"https:\/\/docday.ch\/wp-content\/uploads\/2014\/06\/IV_logo-300x48.png 300w, https:\/\/docday.ch\/wp-content\/uploads\/2014\/06\/IV_logo.png 960w\" sizes=\"auto, (max-width: 300px) 100vw, 300px\" \/><\/a>[\/one_fourth]<br \/>\n[one_fourth]<br \/>\n<a href=\"http:\/\/www.medicalwomen.ch\/\"><img loading=\"lazy\" decoding=\"async\" src=\"https:\/\/docday.ch\/wp-content\/uploads\/2014\/09\/mws_logo-300x106.jpg\" alt=\"mws_logo\" width=\"300\" height=\"106\" class=\"alignnone size-medium wp-image-1077\" srcset=\"https:\/\/docday.ch\/wp-content\/uploads\/2014\/09\/mws_logo-300x106.jpg 300w, https:\/\/docday.ch\/wp-content\/uploads\/2014\/09\/mws_logo-1024x363.jpg 1024w\" sizes=\"auto, (max-width: 300px) 100vw, 300px\" \/><\/a>[\/one_fourth]<br \/>\n[one_fourth]<br \/>\n<span class=\"\" style=\"display:block;clear:both;height: 0px;padding-top: 25px;border-top-width:0px;border-bottom-width:0px;\"><\/span><br \/>\n<a href=\"http:\/\/www.sacam.ch\"><img loading=\"lazy\" decoding=\"async\" src=\"https:\/\/docday.ch\/wp-content\/uploads\/2014\/09\/SAM_Logo_cmyk.jpeg\" alt=\"SAM_Logo_cmyk\" width=\"284\" height=\"61\" class=\"alignnone size-full wp-image-1078\" \/><\/a>[\/one_fourth]<\/p>\n","protected":false},"excerpt":{"rendered":"<p>A c\u00f4t\u00e9 des soci\u00e9t\u00e9s m\u00e9dicales sp\u00e9cialis\u00e9es et les entreprises partenaires, il y aura aussi les exposants suivants : [one_fourth] [\/one_fourth] [one_fourth] [\/one_fourth] [one_fourth] [\/one_fourth]<\/p>\n","protected":false},"author":2,"featured_media":0,"parent":522,"menu_order":0,"comment_status":"open","ping_status":"open","template":"template-fullwidth.php","meta":{"footnotes":""},"class_list":["post-1088","page","type-page","status-publish","hentry"],"_links":{"self":[{"href":"https:\/\/docday.ch\/fr\/wp-json\/wp\/v2\/pages\/1088","targetHints":{"allow":["GET"]}}],"collection":[{"href":"https:\/\/docday.ch\/fr\/wp-json\/wp\/v2\/pages"}],"about":[{"href":"https:\/\/docday.ch\/fr\/wp-json\/wp\/v2\/types\/page"}],"author":[{"embeddable":true,"href":"https:\/\/docday.ch\/fr\/wp-json\/wp\/v2\/users\/2"}],"replies":[{"embeddable":true,"href":"https:\/\/docday.ch\/fr\/wp-json\/wp\/v2\/comments?post=1088"}],"version-history":[{"count":1,"href":"https:\/\/docday.ch\/fr\/wp-json\/wp\/v2\/pages\/1088\/revisions"}],"predecessor-version":[{"id":1089,"href":"https:\/\/docday.ch\/fr\/wp-json\/wp\/v2\/pages\/1088\/revisions\/1089"}],"up":[{"embeddable":true,"href":"https:\/\/docday.ch\/fr\/wp-json\/wp\/v2\/pages\/522"}],"wp:attachment":[{"href":"https:\/\/docday.ch\/fr\/wp-json\/wp\/v2\/media?parent=1088"}],"curies":[{"name":"wp","href":"https:\/\/api.w.org\/{rel}","templated":true}]}}