{"id":1124,"date":"2014-09-30T22:02:46","date_gmt":"2014-09-30T20:02:46","guid":{"rendered":"https:\/\/docday.ch\/?page_id=1124"},"modified":"2018-03-18T18:47:46","modified_gmt":"2018-03-18T16:47:46","slug":"page-daccueil","status":"publish","type":"page","link":"https:\/\/docday.ch\/fr\/","title":{"rendered":"Page d&rsquo;accueil"},"content":{"rendered":"<p><strong>Merci!<\/strong><\/p>\n<p>Le DocDay 2018 a eu lieu le 17 mars 2018 \u00e0 l&rsquo;ETH Zurich, b\u00e2timent principal. Un grand merci aux m\u00e9decins participants, aux entreprises partenaires, aux associations et aux nombreux visiteurs qui ont fait de cette journ\u00e9e un succ\u00e8s complet.<\/p>\n<p>DocDay est un salon de l&#8217;emploi pour les \u00e9tudiants en m\u00e9decine et les m\u00e9decins assistants dans toute la Suisse. L&rsquo;objectif de DocDay est de donner aux futurs m\u00e9decins et aux m\u00e9decins dipl\u00f4m\u00e9s la possibilit\u00e9 de d\u00e9couvrir leurs futurs domaines professionnels sur les stands des foires et d&rsquo;entrer en contact avec des employeurs potentiels.<\/p>\n<p>Le site DocDay.ch souhaite fournir des informations aux \u00e9tudiants en m\u00e9decine et aux m\u00e9decins en visite, aux entreprises et aux associations professionnelles int\u00e9ress\u00e9es.<\/p>\n<p>Int\u00e9ress\u00e9 par le prochain DocDay? Abonnez-vous \u00e0 notre newsletter :<br \/>\n<span class=\"\" style=\"display:block;clear:both;height: 0px;padding-top: 20px;border-top-width:0px;border-bottom-width:0px;\"><\/span><br \/>\n<div class=\"tnp tnp-subscription-minimal  \"><form action=\"https:\/\/docday.ch\/wp-admin\/admin-ajax.php?action=tnp&amp;na=s\" method=\"post\" style=\"text-align: center\"><input type=\"hidden\" name=\"nr\" value=\"minimal\">\n<input type=\"hidden\" name=\"nlang\" value=\"fr\">\n<input class=\"tnp-email\" type=\"email\" required name=\"ne\" value=\"\" placeholder=\"Email\"><input class=\"tnp-submit\" type=\"submit\" value=\"Newsletter-Anmeldung\" style=\"\">\n<\/form><\/div>\n<\/p>\n<span class=\"\" style=\"display:block;clear:both;height: 0px;padding-top: 10px;border-top-width:0px;border-bottom-width:0px;\"><\/span>\n<hr style=\"height: 1px;\" size=\"1\" \/>\n<span class=\"\" style=\"display:block;clear:both;height: 0px;padding-top: 10px;border-top-width:0px;border-bottom-width:0px;\"><\/span><br \/>\n<span style=\"color:#C4C4C4;\">Gold-Partner 2018:<\/span><br \/>\n<span class=\"\" style=\"display:block;clear:both;height: 0px;padding-top: 10px;border-top-width:0px;border-bottom-width:0px;\"><\/span><br \/>\n[one_third]<a href=\"https:\/\/www.so-h.ch\/solothurner-spitaeler-ag\/startseite.html\"><img loading=\"lazy\" decoding=\"async\" class=\"aligncenter size-full wp-image-2283\" src=\"https:\/\/docday.ch\/wp-content\/uploads\/2018\/01\/HQ_Logo_SolothurnerSpitaeler_4f-1.png\" alt=\"Solothurner Spit\u00e4ler\" width=\"399\" height=\"190\" srcset=\"https:\/\/docday.ch\/wp-content\/uploads\/2018\/01\/HQ_Logo_SolothurnerSpitaeler_4f-1.png 399w, https:\/\/docday.ch\/wp-content\/uploads\/2018\/01\/HQ_Logo_SolothurnerSpitaeler_4f-1-300x143.png 300w\" sizes=\"auto, (max-width: 399px) 100vw, 399px\" \/><\/a>[\/one_third]<br \/>\n[one_third]<span class=\"\" style=\"display:block;clear:both;height: 0px;padding-top: 40px;border-top-width:0px;border-bottom-width:0px;\"><\/span><a href=\"https:\/\/www.interessenverband.ch\/index.php?N1_ID=11\"><img loading=\"lazy\" decoding=\"async\" src=\"https:\/\/docday.ch\/wp-content\/uploads\/2014\/06\/IV_logo-300x48.png\" alt=\"Interessenverband\" width=\"300\" height=\"48\" class=\"aligncenter size-medium wp-image-1069\" srcset=\"https:\/\/docday.ch\/wp-content\/uploads\/2014\/06\/IV_logo-300x48.png 300w, https:\/\/docday.ch\/wp-content\/uploads\/2014\/06\/IV_logo.png 960w\" sizes=\"auto, (max-width: 300px) 100vw, 300px\" \/><\/a>[\/one_third]<\/p>\n<hr style=\"height: 1px;\" size=\"1\" \/>\n<span class=\"\" style=\"display:block;clear:both;height: 0px;padding-top: 10px;border-top-width:0px;border-bottom-width:0px;\"><\/span><br \/>\n<span style=\"color:#C4C4C4;\">Silber-Partner 2018:<\/span><br \/>\n<span class=\"\" style=\"display:block;clear:both;height: 0px;padding-top: 10px;border-top-width:0px;border-bottom-width:0px;\"><\/span><br \/>\n[one_fourth]<br \/>\n<span class=\"\" style=\"display:block;clear:both;height: 0px;padding-top: 15px;border-top-width:0px;border-bottom-width:0px;\"><\/span><a href=\"https:\/\/ipw.zh.ch\/internet\/gesundheitsdirektion\/ipw\/de\/home.html\"><img loading=\"lazy\" decoding=\"async\" src=\"https:\/\/docday.ch\/wp-content\/uploads\/2018\/02\/ipw_cmyk.png\" alt=\"IPW - Integrierte Psychiatrie Winterthur - Z\u00fcrcher Unterland\" width=\"600\" height=\"84\" class=\"aligncenter size-full wp-image-2354\" srcset=\"https:\/\/docday.ch\/wp-content\/uploads\/2018\/02\/ipw_cmyk-300x42@2x.png 600w, https:\/\/docday.ch\/wp-content\/uploads\/2018\/02\/ipw_cmyk-300x42.png 300w\" sizes=\"auto, (max-width: 600px) 100vw, 600px\" \/><\/a><br \/>\n[\/one_fourth]<br \/>\n<span class=\"\" style=\"display:block;clear:both;height: 0px;padding-top: 10px;border-top-width:0px;border-bottom-width:0px;\"><\/span><\/p>\n<hr style=\"height: 1px;\" size=\"1\" \/>\n<span class=\"\" style=\"display:block;clear:both;height: 0px;padding-top: 10px;border-top-width:0px;border-bottom-width:0px;\"><\/span><br \/>\n<span style=\"color:#C4C4C4;\">Bronze-Partner 2018:<\/span><br \/>\n<span class=\"\" style=\"display:block;clear:both;height: 0px;padding-top: 10px;border-top-width:0px;border-bottom-width:0px;\"><\/span><br \/>\n[one_fourth]<a href=\"https:\/\/www.schulthess-klinik.ch\/de\/\"><img loading=\"lazy\" decoding=\"async\" src=\"https:\/\/docday.ch\/wp-content\/uploads\/2018\/02\/SHK_Logo_ohne_Claim_100_sRGB_pfad.png\" alt=\"Schulthess Klinik\" width=\"600\" height=\"202\" class=\"aligncenter size-full wp-image-2353\" srcset=\"https:\/\/docday.ch\/wp-content\/uploads\/2018\/02\/SHK_Logo_ohne_Claim_100_sRGB_pfad-300x101@2x.png 600w, https:\/\/docday.ch\/wp-content\/uploads\/2018\/02\/SHK_Logo_ohne_Claim_100_sRGB_pfad-300x101.png 300w\" sizes=\"auto, (max-width: 600px) 100vw, 600px\" \/><\/a>[\/one_fourth]<br \/>\n[one_fourth]<span class=\"\" style=\"display:block;clear:both;height: 0px;padding-top: 20px;border-top-width:0px;border-bottom-width:0px;\"><\/span><a href=\"https:\/\/www.hawadoc.ch\/home\/\"><img loading=\"lazy\" decoding=\"async\" src=\"https:\/\/docday.ch\/wp-content\/uploads\/2018\/02\/Logo_hawadoc_pant_vekt.png\" alt=\"hawadoc \u00c4rzteorganisation\" width=\"600\" height=\"153\" class=\"aligncenter size-full wp-image-2352\" srcset=\"https:\/\/docday.ch\/wp-content\/uploads\/2018\/02\/Logo_hawadoc_pant_vekt-300x77@2x.png 600w, https:\/\/docday.ch\/wp-content\/uploads\/2018\/02\/Logo_hawadoc_pant_vekt-300x77.png 300w\" sizes=\"auto, (max-width: 600px) 100vw, 600px\" \/><\/a>[\/one_fourth]<br \/>\n[one_fourth]<a href=\"https:\/\/arud.ch\/\"><img loading=\"lazy\" decoding=\"async\" src=\"https:\/\/docday.ch\/wp-content\/uploads\/2018\/02\/Logo_Arud_Claim_CMYK.png\" alt=\"Arud Zentrum f\u00fcr Suchtmedizin\" width=\"600\" height=\"273\" class=\"aligncenter size-full wp-image-2351\" srcset=\"https:\/\/docday.ch\/wp-content\/uploads\/2018\/02\/Logo_Arud_Claim_CMYK-300x137@2x.png 600w, https:\/\/docday.ch\/wp-content\/uploads\/2018\/02\/Logo_Arud_Claim_CMYK-300x137.png 300w\" sizes=\"auto, (max-width: 600px) 100vw, 600px\" \/><\/a>[\/one_fourth]<\/p>\n","protected":false},"excerpt":{"rendered":"<p>Merci! Le DocDay 2018 a eu lieu le 17 mars 2018 \u00e0 l&rsquo;ETH Zurich, b\u00e2timent principal. Un grand merci aux m\u00e9decins participants, aux entreprises partenaires, aux associations et aux nombreux visiteurs qui ont fait de cette journ\u00e9e un succ\u00e8s complet. DocDay est un salon de l&#8217;emploi pour les \u00e9tudiants en m\u00e9decine et les m\u00e9decins assistants [&hellip;]<\/p>\n","protected":false},"author":2,"featured_media":0,"parent":0,"menu_order":0,"comment_status":"open","ping_status":"open","template":"template-fullwidth.php","meta":{"footnotes":""},"class_list":["post-1124","page","type-page","status-publish","hentry"],"_links":{"self":[{"href":"https:\/\/docday.ch\/fr\/wp-json\/wp\/v2\/pages\/1124","targetHints":{"allow":["GET"]}}],"collection":[{"href":"https:\/\/docday.ch\/fr\/wp-json\/wp\/v2\/pages"}],"about":[{"href":"https:\/\/docday.ch\/fr\/wp-json\/wp\/v2\/types\/page"}],"author":[{"embeddable":true,"href":"https:\/\/docday.ch\/fr\/wp-json\/wp\/v2\/users\/2"}],"replies":[{"embeddable":true,"href":"https:\/\/docday.ch\/fr\/wp-json\/wp\/v2\/comments?post=1124"}],"version-history":[{"count":12,"href":"https:\/\/docday.ch\/fr\/wp-json\/wp\/v2\/pages\/1124\/revisions"}],"predecessor-version":[{"id":2837,"href":"https:\/\/docday.ch\/fr\/wp-json\/wp\/v2\/pages\/1124\/revisions\/2837"}],"wp:attachment":[{"href":"https:\/\/docday.ch\/fr\/wp-json\/wp\/v2\/media?parent=1124"}],"curies":[{"name":"wp","href":"https:\/\/api.w.org\/{rel}","templated":true}]}}