{"id":1378,"date":"2014-10-17T18:23:48","date_gmt":"2014-10-17T16:23:48","guid":{"rendered":"https:\/\/docday.ch\/?page_id=1378"},"modified":"2014-10-17T18:23:48","modified_gmt":"2014-10-17T16:23:48","slug":"le-livret-docday","status":"publish","type":"page","link":"https:\/\/docday.ch\/fr\/visiteurs\/le-livret-docday\/","title":{"rendered":"Le livret DocDay"},"content":{"rendered":"<p>La brochure offre aux visiteurs un r\u00e9sum\u00e9 sur le DocDay et contient toutes les r\u00e9f\u00e9rences et informations importantes. Une consultation pr\u00e9alable de la brochure est souhaitable.<\/p>\n<p>La brochure est publi\u00e9e en allemand et en fran\u00e7ais, la version digitale est disponible <a href=\"http:\/\/www.docday.ch\/DocDay_DE_FR.pdf\" target=\"_blank\">ici<\/a>.<\/p>\n<p>Chaque participant recevra la brochure \u00e0 l`entr\u00e9e de la manifestation.<\/p>\n","protected":false},"excerpt":{"rendered":"<p>La brochure offre aux visiteurs un r\u00e9sum\u00e9 sur le DocDay et contient toutes les r\u00e9f\u00e9rences et informations importantes. Une consultation pr\u00e9alable de la brochure est souhaitable. La brochure est publi\u00e9e en allemand et en fran\u00e7ais, la version digitale est disponible ici. Chaque participant recevra la brochure \u00e0 l`entr\u00e9e de la manifestation.<\/p>\n","protected":false},"author":2,"featured_media":0,"parent":522,"menu_order":0,"comment_status":"open","ping_status":"open","template":"template-fullwidth.php","meta":{"footnotes":""},"class_list":["post-1378","page","type-page","status-publish","hentry"],"_links":{"self":[{"href":"https:\/\/docday.ch\/fr\/wp-json\/wp\/v2\/pages\/1378","targetHints":{"allow":["GET"]}}],"collection":[{"href":"https:\/\/docday.ch\/fr\/wp-json\/wp\/v2\/pages"}],"about":[{"href":"https:\/\/docday.ch\/fr\/wp-json\/wp\/v2\/types\/page"}],"author":[{"embeddable":true,"href":"https:\/\/docday.ch\/fr\/wp-json\/wp\/v2\/users\/2"}],"replies":[{"embeddable":true,"href":"https:\/\/docday.ch\/fr\/wp-json\/wp\/v2\/comments?post=1378"}],"version-history":[{"count":2,"href":"https:\/\/docday.ch\/fr\/wp-json\/wp\/v2\/pages\/1378\/revisions"}],"predecessor-version":[{"id":2727,"href":"https:\/\/docday.ch\/fr\/wp-json\/wp\/v2\/pages\/1378\/revisions\/2727"}],"up":[{"embeddable":true,"href":"https:\/\/docday.ch\/fr\/wp-json\/wp\/v2\/pages\/522"}],"wp:attachment":[{"href":"https:\/\/docday.ch\/fr\/wp-json\/wp\/v2\/media?parent=1378"}],"curies":[{"name":"wp","href":"https:\/\/api.w.org\/{rel}","templated":true}]}}