{"id":2301,"date":"2018-01-28T22:20:50","date_gmt":"2018-01-28T20:20:50","guid":{"rendered":"https:\/\/docday.ch\/?page_id=2301"},"modified":"2018-03-18T18:57:30","modified_gmt":"2018-03-18T16:57:30","slug":"le-docday","status":"publish","type":"page","link":"https:\/\/docday.ch\/fr\/le-docday\/","title":{"rendered":"Le DocDay"},"content":{"rendered":"<p>Le <strong>Samedi 17 mars 2018 <\/strong> DocDay a eu lieu pour la troisi\u00e8me fois \u00e0 Zurich.<\/p>\n<p>Au ETH Zurich, b\u00e2timent principal, des repr\u00e9sentants de <a href=\"https:\/\/docday.ch\/fr\/disciplines-medicales-representees-2018\/\">28 diff\u00e9rentes sp\u00e9cialit\u00e9s m\u00e9dicales<\/a> et <a href=\"https:\/\/docday.ch\/fr\/partner-2018\/\">soci\u00e9t\u00e9s partenaires<\/a> \u00e9taient \u00e0 la disposition des \u00e9tudiants en m\u00e9decine et m\u00e9decins assistants int\u00e9ress\u00e9s. Ces discussions individuelles ont \u00e9t\u00e9 compl\u00e9t\u00e9es par <a href=\"https:\/\/docday.ch\/fr\/programme\/\">un programme<\/a> de plusieurs pr\u00e9sentations.<\/p>\n","protected":false},"excerpt":{"rendered":"<p>Le Samedi 17 mars 2018 DocDay a eu lieu pour la troisi\u00e8me fois \u00e0 Zurich. Au ETH Zurich, b\u00e2timent principal, des repr\u00e9sentants de 28 diff\u00e9rentes sp\u00e9cialit\u00e9s m\u00e9dicales et soci\u00e9t\u00e9s partenaires \u00e9taient \u00e0 la disposition des \u00e9tudiants en m\u00e9decine et m\u00e9decins assistants int\u00e9ress\u00e9s. Ces discussions individuelles ont \u00e9t\u00e9 compl\u00e9t\u00e9es par un programme de plusieurs pr\u00e9sentations.<\/p>\n","protected":false},"author":2,"featured_media":0,"parent":0,"menu_order":0,"comment_status":"open","ping_status":"open","template":"template-fullwidth.php","meta":{"footnotes":""},"class_list":["post-2301","page","type-page","status-publish","hentry"],"_links":{"self":[{"href":"https:\/\/docday.ch\/fr\/wp-json\/wp\/v2\/pages\/2301","targetHints":{"allow":["GET"]}}],"collection":[{"href":"https:\/\/docday.ch\/fr\/wp-json\/wp\/v2\/pages"}],"about":[{"href":"https:\/\/docday.ch\/fr\/wp-json\/wp\/v2\/types\/page"}],"author":[{"embeddable":true,"href":"https:\/\/docday.ch\/fr\/wp-json\/wp\/v2\/users\/2"}],"replies":[{"embeddable":true,"href":"https:\/\/docday.ch\/fr\/wp-json\/wp\/v2\/comments?post=2301"}],"version-history":[{"count":8,"href":"https:\/\/docday.ch\/fr\/wp-json\/wp\/v2\/pages\/2301\/revisions"}],"predecessor-version":[{"id":2842,"href":"https:\/\/docday.ch\/fr\/wp-json\/wp\/v2\/pages\/2301\/revisions\/2842"}],"wp:attachment":[{"href":"https:\/\/docday.ch\/fr\/wp-json\/wp\/v2\/media?parent=2301"}],"curies":[{"name":"wp","href":"https:\/\/api.w.org\/{rel}","templated":true}]}}