{"id":2633,"date":"2018-02-27T22:25:01","date_gmt":"2018-02-27T20:25:01","guid":{"rendered":"https:\/\/docday.ch\/?page_id=2633"},"modified":"2018-03-10T13:57:18","modified_gmt":"2018-03-10T11:57:18","slug":"autres-societes-et-associations-medicales","status":"publish","type":"page","link":"https:\/\/docday.ch\/fr\/autres-societes-et-associations-medicales\/","title":{"rendered":"Autres soci\u00e9t\u00e9s et associations m\u00e9dicales"},"content":{"rendered":"<hr style=\"height: 1px;\" size=\"1\" \/>\n<p><span class=\"\" style=\"display:block;clear:both;height: 0px;padding-top: 10px;border-top-width:0px;border-bottom-width:0px;\"><\/span><br \/>\n[one_fourth]<span class=\"\" style=\"display:block;clear:both;height: 0px;padding-top: 50px;border-top-width:0px;border-bottom-width:0px;\"><\/span><a href=\"http:\/\/www.jhas.ch\/de\/home.html\"><img loading=\"lazy\" decoding=\"async\" src=\"https:\/\/docday.ch\/wp-content\/uploads\/2018\/03\/jhas_log_txt_small_pant.png\" alt=\"JHaS\" width=\"500\" height=\"79\" class=\"aligncenter size-full wp-image-2712\" srcset=\"https:\/\/docday.ch\/wp-content\/uploads\/2018\/03\/jhas_log_txt_small_pant.png 500w, https:\/\/docday.ch\/wp-content\/uploads\/2018\/03\/jhas_log_txt_small_pant-300x47.png 300w\" sizes=\"auto, (max-width: 500px) 100vw, 500px\" \/><\/a><br \/>\n[\/one_fourth][one_half]<span class=\"\" style=\"display:block;clear:both;height: 0px;padding-top: 20px;border-top-width:0px;border-bottom-width:0px;\"><\/span><a href=\"http:\/\/www.jhas.ch\/de\/home.html\">JHaS &#8211; Junge Haus\u00e4rztinnen und Haus\u00e4rzte<\/a><\/p>\n<p>Dr. med. Franziska Morger<br \/>\nHannah Aerni<br \/>\nLinda Krauss-Neuenschwander<br \/>\n[\/one_half]<\/p>\n<hr style=\"height: 1px;\" size=\"1\" \/>\n<p><span class=\"\" style=\"display:block;clear:both;height: 0px;padding-top: 10px;border-top-width:0px;border-bottom-width:0px;\"><\/span><br \/>\n[one_fourth]<span class=\"\" style=\"display:block;clear:both;height: 0px;padding-top: 30px;border-top-width:0px;border-bottom-width:0px;\"><\/span><a href=\"http:\/\/www.hausaerzteschweiz.ch\/\"><img loading=\"lazy\" decoding=\"async\" src=\"https:\/\/docday.ch\/wp-content\/uploads\/2018\/03\/mfe_cymk.png\" alt=\"\" width=\"494\" height=\"99\" class=\"aligncenter size-full wp-image-2713\" srcset=\"https:\/\/docday.ch\/wp-content\/uploads\/2018\/03\/mfe_cymk.png 494w, https:\/\/docday.ch\/wp-content\/uploads\/2018\/03\/mfe_cymk-300x60.png 300w\" sizes=\"auto, (max-width: 494px) 100vw, 494px\" \/><\/a><br \/>\n[\/one_fourth][one_half]<span class=\"\" style=\"display:block;clear:both;height: 0px;padding-top: 20px;border-top-width:0px;border-bottom-width:0px;\"><\/span><a href=\"http:\/\/www.hausaerzteschweiz.ch\/\">mfe &#8211; Haus- und Kinder\u00e4rzte Schweiz<\/a><\/p>\n<p>Dr. med. Stefan Zinnenlauf<br \/>\nDr. med. Ricardo Andreas Torriani<br \/>\n[\/one_half]<\/p>\n<hr style=\"height: 1px;\" size=\"1\" \/>\n<p><span class=\"\" style=\"display:block;clear:both;height: 0px;padding-top: 10px;border-top-width:0px;border-bottom-width:0px;\"><\/span><br \/>\n[one_fourth]<span class=\"\" style=\"display:block;clear:both;height: 0px;padding-top: 20px;border-top-width:0px;border-bottom-width:0px;\"><\/span><a href=\"http:\/\/akupunktur-tcm.ch\/\"><img loading=\"lazy\" decoding=\"async\" src=\"https:\/\/docday.ch\/wp-content\/uploads\/2018\/03\/asa.png\" alt=\"ASA\" width=\"505\" height=\"192\" class=\"aligncenter size-full wp-image-2714\" srcset=\"https:\/\/docday.ch\/wp-content\/uploads\/2018\/03\/asa.png 505w, https:\/\/docday.ch\/wp-content\/uploads\/2018\/03\/asa-300x114.png 300w\" sizes=\"auto, (max-width: 505px) 100vw, 505px\" \/><\/a><br \/>\n[\/one_fourth][one_half]<span class=\"\" style=\"display:block;clear:both;height: 0px;padding-top: 40px;border-top-width:0px;border-bottom-width:0px;\"><\/span><a href=\"http:\/\/www.sacam.ch\/home.html\">Assoziation Schweizer Aerztegesellschaften f\u00fcr Akupunktur und Chinesische Medizin ASA<\/a>[\/one_half]<br \/>\n<span class=\"\" style=\"display:block;clear:both;height: 0px;padding-top: 10px;border-top-width:0px;border-bottom-width:0px;\"><\/span><\/p>\n<hr style=\"height: 1px;\" size=\"1\" \/>\n<p><span class=\"\" style=\"display:block;clear:both;height: 0px;padding-top: 20px;border-top-width:0px;border-bottom-width:0px;\"><\/span><br \/>\n[one_fourth]<span class=\"\" style=\"display:block;clear:both;height: 0px;padding-top: 20px;border-top-width:0px;border-bottom-width:0px;\"><\/span><a href=\"http:\/\/www.sacam.ch\/home.html\"><img loading=\"lazy\" decoding=\"async\" src=\"https:\/\/docday.ch\/wp-content\/uploads\/2018\/02\/SAM_Logo_cmyk.png\" alt=\"SACAM\" width=\"518\" height=\"111\" class=\"aligncenter size-full wp-image-2616\" srcset=\"https:\/\/docday.ch\/wp-content\/uploads\/2018\/02\/SAM_Logo_cmyk.png 518w, https:\/\/docday.ch\/wp-content\/uploads\/2018\/02\/SAM_Logo_cmyk-300x64.png 300w, https:\/\/docday.ch\/wp-content\/uploads\/2018\/02\/SAM_Logo_cmyk-514x111.png 514w\" sizes=\"auto, (max-width: 518px) 100vw, 518px\" \/><\/a><br \/>\n[\/one_fourth][one_half]<span class=\"\" style=\"display:block;clear:both;height: 0px;padding-top: 20px;border-top-width:0px;border-bottom-width:0px;\"><\/span><a href=\"http:\/\/www.sacam.ch\/home.html\">Schweizerische \u00c4rztegesellschaft f\u00fcr Akupunktur, Chinesische Medizin und Aurikulomedizin (Ohrakupunktur)<\/a>[\/one_half]<br \/>\n<span class=\"\" style=\"display:block;clear:both;height: 0px;padding-top: 10px;border-top-width:0px;border-bottom-width:0px;\"><\/span><\/p>\n<hr style=\"height: 1px;\" size=\"1\" \/>\n<p><span class=\"\" style=\"display:block;clear:both;height: 0px;padding-top: 10px;border-top-width:0px;border-bottom-width:0px;\"><\/span><br \/>\n[one_fourth]<span class=\"\" style=\"display:block;clear:both;height: 0px;padding-top: 20px;border-top-width:0px;border-bottom-width:0px;\"><\/span><a href=\"http:\/\/www.aerztinnenschweiz.ch\/typo3\/de\/home\/\"><img loading=\"lazy\" decoding=\"async\" src=\"https:\/\/docday.ch\/wp-content\/uploads\/2018\/02\/mws_logo.png\" alt=\"MWS\" width=\"500\" height=\"178\" class=\"aligncenter size-full wp-image-2617\" srcset=\"https:\/\/docday.ch\/wp-content\/uploads\/2018\/02\/mws_logo.png 500w, https:\/\/docday.ch\/wp-content\/uploads\/2018\/02\/mws_logo-300x107.png 300w\" sizes=\"auto, (max-width: 500px) 100vw, 500px\" \/><\/a><br \/>\n[\/one_fourth][one_half]<span class=\"\" style=\"display:block;clear:both;height: 0px;padding-top: 20px;border-top-width:0px;border-bottom-width:0px;\"><\/span><a href=\"http:\/\/www.aerztinnenschweiz.ch\/typo3\/de\/home\/\">mws &#8211; medical women switzerland<\/a><\/p>\n<p>Dr. med. Adelheid Schneider-Gilg<br \/>\nDr. med. Marianna Bodenmann-Zanetti<br \/>\nAnna Zurfluh[\/one_half]<\/p>\n<span class=\"\" style=\"display:block;clear:both;height: 0px;padding-top: 10px;border-top-width:0px;border-bottom-width:0px;\"><\/span>\n<hr style=\"height: 1px;\" size=\"1\" \/>\n<p><span class=\"\" style=\"display:block;clear:both;height: 0px;padding-top: 10px;border-top-width:0px;border-bottom-width:0px;\"><\/span><br \/>\n[one_fourth]<span class=\"\" style=\"display:block;clear:both;height: 0px;padding-top: 20px;border-top-width:0px;border-bottom-width:0px;\"><\/span><a href=\"http:\/\/www.msf.ch\/de\/\"><img loading=\"lazy\" decoding=\"async\" src=\"https:\/\/docday.ch\/wp-content\/uploads\/2018\/02\/Medecins_Sans_Frontieres.png\" alt=\"MSF\" width=\"500\" height=\"230\" class=\"aligncenter size-full wp-image-2618\" srcset=\"https:\/\/docday.ch\/wp-content\/uploads\/2018\/02\/Medecins_Sans_Frontieres.png 500w, https:\/\/docday.ch\/wp-content\/uploads\/2018\/02\/Medecins_Sans_Frontieres-300x138.png 300w\" sizes=\"auto, (max-width: 500px) 100vw, 500px\" \/><\/a><br \/>\n[\/one_fourth][one_half]<span class=\"\" style=\"display:block;clear:both;height: 0px;padding-top: 60px;border-top-width:0px;border-bottom-width:0px;\"><\/span><a href=\"http:\/\/www.msf.ch\/de\/\">MSF: M\u00e9decins Sans Fronti\u00e8res \/ \u00c4rzte ohne Grenzen Schweiz<\/a>[\/one_half]<\/p>\n<span class=\"\" style=\"display:block;clear:both;height: 0px;padding-top: 10px;border-top-width:0px;border-bottom-width:0px;\"><\/span>\n<hr style=\"height: 1px;\" size=\"1\" \/>\n","protected":false},"excerpt":{"rendered":"<p>[one_fourth] [\/one_fourth][one_half]JHaS &#8211; Junge Haus\u00e4rztinnen und Haus\u00e4rzte Dr. med. Franziska Morger Hannah Aerni Linda Krauss-Neuenschwander [\/one_half] [one_fourth] [\/one_fourth][one_half]mfe &#8211; Haus- und Kinder\u00e4rzte Schweiz Dr. med. Stefan Zinnenlauf Dr. med. Ricardo Andreas Torriani [\/one_half] [one_fourth] [\/one_fourth][one_half]Assoziation Schweizer Aerztegesellschaften f\u00fcr Akupunktur und Chinesische Medizin ASA[\/one_half] [one_fourth] [\/one_fourth][one_half]Schweizerische \u00c4rztegesellschaft f\u00fcr Akupunktur, Chinesische Medizin und Aurikulomedizin (Ohrakupunktur)[\/one_half] [one_fourth] [\/one_fourth][one_half]mws [&hellip;]<\/p>\n","protected":false},"author":2,"featured_media":0,"parent":0,"menu_order":0,"comment_status":"closed","ping_status":"closed","template":"template-fullwidth.php","meta":{"footnotes":""},"class_list":["post-2633","page","type-page","status-publish","hentry"],"_links":{"self":[{"href":"https:\/\/docday.ch\/fr\/wp-json\/wp\/v2\/pages\/2633","targetHints":{"allow":["GET"]}}],"collection":[{"href":"https:\/\/docday.ch\/fr\/wp-json\/wp\/v2\/pages"}],"about":[{"href":"https:\/\/docday.ch\/fr\/wp-json\/wp\/v2\/types\/page"}],"author":[{"embeddable":true,"href":"https:\/\/docday.ch\/fr\/wp-json\/wp\/v2\/users\/2"}],"replies":[{"embeddable":true,"href":"https:\/\/docday.ch\/fr\/wp-json\/wp\/v2\/comments?post=2633"}],"version-history":[{"count":3,"href":"https:\/\/docday.ch\/fr\/wp-json\/wp\/v2\/pages\/2633\/revisions"}],"predecessor-version":[{"id":2717,"href":"https:\/\/docday.ch\/fr\/wp-json\/wp\/v2\/pages\/2633\/revisions\/2717"}],"wp:attachment":[{"href":"https:\/\/docday.ch\/fr\/wp-json\/wp\/v2\/media?parent=2633"}],"curies":[{"name":"wp","href":"https:\/\/api.w.org\/{rel}","templated":true}]}}