{"id":2723,"date":"2018-03-10T14:05:42","date_gmt":"2018-03-10T12:05:42","guid":{"rendered":"https:\/\/docday.ch\/?page_id=2723"},"modified":"2018-03-12T16:51:08","modified_gmt":"2018-03-12T14:51:08","slug":"le-livret-docday-2018","status":"publish","type":"page","link":"https:\/\/docday.ch\/fr\/le-livret-docday-2018\/","title":{"rendered":"Le livret DocDay 2018"},"content":{"rendered":"<p>La brochure offre aux visiteurs un r\u00e9sum\u00e9 sur le DocDay et contient toutes les r\u00e9f\u00e9rences et informations importantes.<\/p>\n<p>La brochure est publi\u00e9e en allemand et en anglais, la version digitale est disponible en format <a href=\"https:\/\/docday.ch\/wp-content\/uploads\/2018\/03\/DocDay_Web_mobil.pdf\">portrait<\/a> ou <a href=\"https:\/\/docday.ch\/wp-content\/uploads\/2018\/03\/DocDay_Web_Desktop.pdf\">paysage<\/a>.<\/p>\n<p>Chaque participant recevra la brochure \u00e0 l`entr\u00e9e de la manifestation.<\/p>\n","protected":false},"excerpt":{"rendered":"<p>La brochure offre aux visiteurs un r\u00e9sum\u00e9 sur le DocDay et contient toutes les r\u00e9f\u00e9rences et informations importantes. La brochure est publi\u00e9e en allemand et en anglais, la version digitale est disponible en format portrait ou paysage. Chaque participant recevra la brochure \u00e0 l`entr\u00e9e de la manifestation.<\/p>\n","protected":false},"author":2,"featured_media":0,"parent":0,"menu_order":0,"comment_status":"closed","ping_status":"closed","template":"template-fullwidth.php","meta":{"footnotes":""},"class_list":["post-2723","page","type-page","status-publish","hentry"],"_links":{"self":[{"href":"https:\/\/docday.ch\/fr\/wp-json\/wp\/v2\/pages\/2723","targetHints":{"allow":["GET"]}}],"collection":[{"href":"https:\/\/docday.ch\/fr\/wp-json\/wp\/v2\/pages"}],"about":[{"href":"https:\/\/docday.ch\/fr\/wp-json\/wp\/v2\/types\/page"}],"author":[{"embeddable":true,"href":"https:\/\/docday.ch\/fr\/wp-json\/wp\/v2\/users\/2"}],"replies":[{"embeddable":true,"href":"https:\/\/docday.ch\/fr\/wp-json\/wp\/v2\/comments?post=2723"}],"version-history":[{"count":3,"href":"https:\/\/docday.ch\/fr\/wp-json\/wp\/v2\/pages\/2723\/revisions"}],"predecessor-version":[{"id":2779,"href":"https:\/\/docday.ch\/fr\/wp-json\/wp\/v2\/pages\/2723\/revisions\/2779"}],"wp:attachment":[{"href":"https:\/\/docday.ch\/fr\/wp-json\/wp\/v2\/media?parent=2723"}],"curies":[{"name":"wp","href":"https:\/\/api.w.org\/{rel}","templated":true}]}}