{"id":514,"date":"2014-03-21T16:25:26","date_gmt":"2014-03-21T14:25:26","guid":{"rendered":"https:\/\/docday.ch\/?page_id=514"},"modified":"2014-10-17T18:10:00","modified_gmt":"2014-10-17T16:10:00","slug":"programme","status":"publish","type":"page","link":"https:\/\/docday.ch\/fr\/programme\/","title":{"rendered":"Programme"},"content":{"rendered":"<hr style=\"height: 1px;\" size=\"1\" \/>\n<span class=\"\" style=\"display:block;clear:both;height: 0px;padding-top: 20px;border-top-width:0px;border-bottom-width:0px;\"><\/span><br \/>\n[one_fifth]<\/p>\n<p class=\"none\" align=\"center\"><em>10:00 &#8211; 17:00<br \/>\n<\/em><\/p>\n<p>[\/one_fifth][one_half]<span class=\"\" style=\"display:block;clear:both;height: 0px;padding-top: 0px;border-top-width:0px;border-bottom-width:0px;\"><\/span><strong> Forum de recrutement :<\/strong> Stands des sp\u00e9cialit\u00e9s m\u00e9dicales et des entreprises[\/one_half]<br \/>\n<span class=\"\" style=\"display:block;clear:both;height: 0px;padding-top: 0px;border-top-width:0px;border-bottom-width:0px;\"><\/span><\/p>\n<hr style=\"height: 1px;\" size=\"1\" \/>\n<span class=\"\" style=\"display:block;clear:both;height: 0px;padding-top: 15px;border-top-width:0px;border-bottom-width:0px;\"><\/span><\/p>\n<p class=\"none\" align=\"center\"><small>Pour des raisons d\u2018organisation, toutes les manifestations dans les auditoires sont uniquement en langue allemande.<br \/>\nNous vous remercions de votre compr\u00e9hension.<\/small>\n<\/p>\n<hr style=\"height: 1px;\" size=\"1\" \/>\n<span class=\"\" style=\"display:block;clear:both;height: 0px;padding-top: 20px;border-top-width:0px;border-bottom-width:0px;\"><\/span><br \/>\n[one_fifth]<\/p>\n<p class=\"none\" align=\"center\"><em>H\u00f6rsaal G-45<br \/>\n10:15-11:00<br \/>\n<\/em><\/p>\n<p>[\/one_fifth][one_half]<span class=\"\" style=\"display:block;clear:both;height: 0px;padding-top: 0px;border-top-width:0px;border-bottom-width:0px;\"><\/span><strong>Karriere in der Medizin<\/strong><br \/>\nEr\u00f6ffnungsvortrag von Prof. Dr. med. Beatrice Beck-Schimmer[\/one_half]<br \/>\n<span class=\"\" style=\"display:block;clear:both;height: 0px;padding-top: 0px;border-top-width:0px;border-bottom-width:0px;\"><\/span><\/p>\n<hr style=\"height: 1px;\" size=\"1\" \/><span class=\"\" style=\"display:block;clear:both;height: 0px;padding-top: 20px;border-top-width:0px;border-bottom-width:0px;\"><\/span><br \/>\n[one_fifth]<\/p>\n<p class=\"none\" align=\"center\"><em>H\u00f6rsaal G-85<br \/>\n11:00-12:00<\/em><\/p>\n<p>[\/one_fifth][one_half]<strong>Jetzt wird&rsquo;s ernst: Schwierige Gespr\u00e4che am Krankenbett<\/strong><br \/>\nSeminar mit Prof. Dr. med. J\u00f6rg Beyer<br \/>\n<span class=\"\" style=\"display:block;clear:both;height: 0px;padding-top: 10px;border-top-width:0px;border-bottom-width:0px;\"><\/span><br \/>\n<small>Gute Kommunikation ist eine der wichtigen Erfordernisse \u00e4rztlicher T\u00e4tigkeit. Dies betrifft auch und gerade die Kommunikation schlechter Nachrichten. Wie kann es gelingen schlechte Nachrichten zu \u00fcbermitteln, ohne dass betroffene Patientinnen und Patienten nach dem Gespr\u00e4ch am Boden zerst\u00f6rt und ohne Hoffnung sind? Nat\u00fcrlich sind Begabung und langj\u00e4hrige Erfahrung hierf\u00fcr wichtige Voraussetzungen. Allerdings gibt es einige grundlegende Aspekte, die helfen, schwierige Gespr\u00e4che erfolgreich zu meistern.<\/small><br \/>\n<span class=\"\" style=\"display:block;clear:both;height: 0px;padding-top: 10px;border-top-width:0px;border-bottom-width:0px;\"><\/span>[\/one_half]<\/p>\n<hr style=\"height: 1px;\" size=\"1\" \/><span class=\"\" style=\"display:block;clear:both;height: 0px;padding-top: 20px;border-top-width:0px;border-bottom-width:0px;\"><\/span><br \/>\n[one_fifth]<\/p>\n<p class=\"none\" align=\"center\"><em>H\u00f6rsaal G-45<br \/>\n15:00-15:45<\/em><\/p>\n<p>[\/one_fifth][one_half]<strong>Fach\u00e4rztin oder Facharzt Public Health: Die Bev\u00f6lkerungsperspektive bei der Gesundheit!<\/strong><br \/>\nVortrag mit Dr. med. Nicole Bender, Dr. med. Samuel Iff und Dr. med. Annalis Marty-Nussbaumer<br \/>\n<span class=\"\" style=\"display:block;clear:both;height: 0px;padding-top: 10px;border-top-width:0px;border-bottom-width:0px;\"><\/span><br \/>\n<small>Die Fach\u00e4rzte f\u00fcr Public Health vertreten die Bev\u00f6lkerungsperspektive. Ihr Kompetenzprofil ist nicht auf die Gesundheit der Einzelnen (Patienten) ausgerichtet, sondern auf das Optimieren des Nutzens f\u00fcr die Gesundheit der gesamten Bev\u00f6lkerung. Gefordert ist ein interdisziplin\u00e4res Arbeiten ausserhalb der traditionellen Medizin. Zusammenarbeit mit Sozialwissenschaften, Recht, \u00d6konomie und Politik macht diese Fachrichtung spannend und abwechslungsreich.<\/small><br \/>\n<span class=\"\" style=\"display:block;clear:both;height: 0px;padding-top: 10px;border-top-width:0px;border-bottom-width:0px;\"><\/span>[\/one_half]<\/p>\n<hr style=\"height: 1px;\" size=\"1\" \/><span class=\"\" style=\"display:block;clear:both;height: 0px;padding-top: 20px;border-top-width:0px;border-bottom-width:0px;\"><\/span><br \/>\n[one_fifth]<\/p>\n<p class=\"none\" align=\"center\"><em>H\u00f6rsaal G-45<br \/>\n16:30 &#8211; 17:00<\/em><\/p>\n<p>[\/one_fifth][one_half]<strong>Arzt &#8211; na und?<\/strong><br \/>\nSchlussvortrag von Prof. Dr. med. J\u00f6rg Beyer<br \/>\n<span class=\"\" style=\"display:block;clear:both;height: 0px;padding-top: 10px;border-top-width:0px;border-bottom-width:0px;\"><\/span><br \/>\n<small>Eigentlich ein Beruf wie jeder andere. Und dann ist Arzt oder \u00c4rztin zu sein doch etwas ganz Besonderes. Nicht nur, dass viele Jahre Ausbildung und hartes Training erforderlich sind. Die T\u00e4tigkeit von \u00c4rztinnen und \u00c4rzten ist unver\u00e4ndert mit einem hohen Sozialprestige, aber auch einer hohen Erwartungshaltung verbunden. Wie geht man mit diesen Erwartungen um, und damit, dass gerade am Berufsanfang die T\u00e4tigkeit oft ganz anders ist, als man sich dies erhofft hat? Lange Arbeitszeiten, Stress, Einordnen in Hierarchien und oft auch empfundene Zurechtweisung von allen Seiten. Wenn man es allen recht machen soll, wie soll man da bloss den Spass nicht verlieren?<\/small><br \/>\n<span class=\"\" style=\"display:block;clear:both;height: 0px;padding-top: 10px;border-top-width:0px;border-bottom-width:0px;\"><\/span>[\/one_half]<\/p>\n","protected":false},"excerpt":{"rendered":"<p>[one_fifth] 10:00 &#8211; 17:00 [\/one_fifth][one_half] Forum de recrutement : Stands des sp\u00e9cialit\u00e9s m\u00e9dicales et des entreprises[\/one_half] Pour des raisons d\u2018organisation, toutes les manifestations dans les auditoires sont uniquement en langue allemande. Nous vous remercions de votre compr\u00e9hension. [one_fifth] H\u00f6rsaal G-45 10:15-11:00 [\/one_fifth][one_half]Karriere in der Medizin Er\u00f6ffnungsvortrag von Prof. Dr. med. Beatrice Beck-Schimmer[\/one_half] [one_fifth] H\u00f6rsaal G-85 [&hellip;]<\/p>\n","protected":false},"author":2,"featured_media":0,"parent":0,"menu_order":0,"comment_status":"open","ping_status":"open","template":"template-fullwidth.php","meta":{"footnotes":""},"class_list":["post-514","page","type-page","status-publish","hentry"],"_links":{"self":[{"href":"https:\/\/docday.ch\/fr\/wp-json\/wp\/v2\/pages\/514","targetHints":{"allow":["GET"]}}],"collection":[{"href":"https:\/\/docday.ch\/fr\/wp-json\/wp\/v2\/pages"}],"about":[{"href":"https:\/\/docday.ch\/fr\/wp-json\/wp\/v2\/types\/page"}],"author":[{"embeddable":true,"href":"https:\/\/docday.ch\/fr\/wp-json\/wp\/v2\/users\/2"}],"replies":[{"embeddable":true,"href":"https:\/\/docday.ch\/fr\/wp-json\/wp\/v2\/comments?post=514"}],"version-history":[{"count":4,"href":"https:\/\/docday.ch\/fr\/wp-json\/wp\/v2\/pages\/514\/revisions"}],"predecessor-version":[{"id":1373,"href":"https:\/\/docday.ch\/fr\/wp-json\/wp\/v2\/pages\/514\/revisions\/1373"}],"wp:attachment":[{"href":"https:\/\/docday.ch\/fr\/wp-json\/wp\/v2\/media?parent=514"}],"curies":[{"name":"wp","href":"https:\/\/api.w.org\/{rel}","templated":true}]}}