{"id":524,"date":"2014-03-21T16:44:07","date_gmt":"2014-03-21T14:44:07","guid":{"rendered":"https:\/\/docday.ch\/?page_id=524"},"modified":"2018-01-28T22:10:13","modified_gmt":"2018-01-28T20:10:13","slug":"acces","status":"publish","type":"page","link":"https:\/\/docday.ch\/fr\/visiteurs\/acces\/","title":{"rendered":"Acc\u00e8s"},"content":{"rendered":"<p>Le b\u00e2timent principal de l&rsquo;ETH Zurich se trouve \u00e0 proximit\u00e9 de la gare centrale de Zurich, de l&rsquo;Universit\u00e9 de Zurich et de l&rsquo;H\u00f4pital universitaire de Zurich.<br \/>\nNous vous recommandons de prendre les transports en commun.<\/p>\n<p>De l&rsquo;arr\u00eat \u00ab\u00a0Bahnhofstrasse\/HB\u00a0\u00bb:<br \/>\nTramway n\u00b0 6 (direction Zoo) jusqu&rsquo; \u00e0 l&rsquo;arr\u00eat \u00ab\u00a0ETH\/Universit\u00e4tsspital\u00a0\u00bb, dur\u00e9e du trajet: env. 6 minutes<\/p>\n<p>De l&rsquo;arr\u00eat \u00ab\u00a0Bahnhofplatz\/HB\u00a0\u00bb:<br \/>\nTramway n\u00b0 10 (direction Flughafen ou Bahnhof Oerlikon) jusqu&rsquo; \u00e0 l&rsquo;arr\u00eat \u00ab\u00a0ETH\/Universit\u00e4tsspital\u00a0\u00bb ou tramway n\u00b0 3 (direction Klusplatz) jusqu&rsquo; \u00e0 l&rsquo;arr\u00eat \u00ab\u00a0Central\u00a0\u00bb (1 arr\u00eat), de \u00ab\u00a0Central\u00a0\u00bb par polybahn (d\u00e9part toutes les trois minutes) jusqu&rsquo; \u00e0 la Polyterrasse, dur\u00e9e du trajet: env. 8 minutes.<\/p>\n<p>Vous avez besoin d&rsquo;un ticket valable pour la zone 110 (Ville de Zurich).<\/p>\n<p>Vous trouverez plus d&rsquo;informations sur les possibilit\u00e9s de parking <a href=\"https:\/\/www.ethz.ch\/content\/dam\/ethz\/associates\/services\/Service\/ReisenTransportFahrzeuge\/Parkierung\/20180118_ETH_Zentrum_SK_PP_LYT_de_sw.pdf\">ici<\/a>.<\/p>\n<div id=\"wpgmza_map\" class=\"wpgmza_map\" data-settings='{\"id\":\"1\",\"map_title\":\"ETH Z\\u00fcrich\",\"map_width\":\"100\",\"map_height\":\"250\",\"map_start_lat\":\"47.376906\",\"map_start_lng\":\"8.547653\",\"map_start_location\":\"47.37690648696967,8.547653194287017\",\"map_start_zoom\":\"15\",\"default_marker\":\"0\",\"type\":\"1\",\"alignment\":\"1\",\"directions_enabled\":\"1\",\"styling_enabled\":\"0\",\"styling_json\":\"\",\"active\":\"0\",\"kml\":\"\",\"bicycle\":\"0\",\"traffic\":\"0\",\"dbox\":\"1\",\"dbox_width\":\"100\",\"listmarkers\":\"0\",\"listmarkers_advanced\":\"0\",\"filterbycat\":\"0\",\"ugm_enabled\":\"0\",\"ugm_category_enabled\":\"0\",\"fusion\":\"\",\"map_width_type\":\"\\\\%\",\"map_height_type\":\"px\",\"mass_marker_support\":\"1\",\"ugm_access\":\"0\",\"order_markers_by\":\"1\",\"order_markers_choice\":\"2\",\"show_user_location\":\"0\",\"default_to\":\"\",\"other_settings\":{\"store_locator_enabled\":2,\"store_locator_distance\":2,\"store_locator_default_radius\":\"10\",\"store_locator_not_found_message\":\"No results found in this location. Please try again.\",\"store_locator_bounce\":1,\"store_locator_query_string\":\"PLZ \\\/ Adresse:\",\"store_locator_default_address\":\"\",\"wpgmza_store_locator_restrict\":\"\",\"map_max_zoom\":\"1\",\"transport_layer\":0,\"wpgmza_theme_data\":\"[ \\\\\\\"visibility\\\\\\\", \\\\\\\"invert_lightness\\\\\\\", \\\\\\\"color\\\\\\\", \\\\\\\"weight\\\\\\\", \\\\\\\"hue\\\\\\\", \\\\\\\"saturation\\\\\\\", \\\\\\\"lightness\\\\\\\", \\\\\\\"gamma\\\\\\\"]\",\"wpgmza_theme_selection\":0,\"wpgmza_show_points_of_interest\":1}}' data-map-id='1' Data-maps-engine='' data-shortcode-attributes='{\"id\":\"1\"}' style=\"display:block; overflow:auto; width:100%; height:250px; float:left;\"><\/div>\n","protected":false},"excerpt":{"rendered":"<p>Le b\u00e2timent principal de l&rsquo;ETH Zurich se trouve \u00e0 proximit\u00e9 de la gare centrale de Zurich, de l&rsquo;Universit\u00e9 de Zurich et de l&rsquo;H\u00f4pital universitaire de Zurich. Nous vous recommandons de prendre les transports en commun. De l&rsquo;arr\u00eat \u00ab\u00a0Bahnhofstrasse\/HB\u00a0\u00bb: Tramway n\u00b0 6 (direction Zoo) jusqu&rsquo; \u00e0 l&rsquo;arr\u00eat \u00ab\u00a0ETH\/Universit\u00e4tsspital\u00a0\u00bb, dur\u00e9e du trajet: env. 6 minutes De l&rsquo;arr\u00eat [&hellip;]<\/p>\n","protected":false},"author":2,"featured_media":0,"parent":522,"menu_order":0,"comment_status":"open","ping_status":"open","template":"template-fullwidth.php","meta":{"footnotes":""},"class_list":["post-524","page","type-page","status-publish","hentry"],"_links":{"self":[{"href":"https:\/\/docday.ch\/fr\/wp-json\/wp\/v2\/pages\/524","targetHints":{"allow":["GET"]}}],"collection":[{"href":"https:\/\/docday.ch\/fr\/wp-json\/wp\/v2\/pages"}],"about":[{"href":"https:\/\/docday.ch\/fr\/wp-json\/wp\/v2\/types\/page"}],"author":[{"embeddable":true,"href":"https:\/\/docday.ch\/fr\/wp-json\/wp\/v2\/users\/2"}],"replies":[{"embeddable":true,"href":"https:\/\/docday.ch\/fr\/wp-json\/wp\/v2\/comments?post=524"}],"version-history":[{"count":3,"href":"https:\/\/docday.ch\/fr\/wp-json\/wp\/v2\/pages\/524\/revisions"}],"predecessor-version":[{"id":2296,"href":"https:\/\/docday.ch\/fr\/wp-json\/wp\/v2\/pages\/524\/revisions\/2296"}],"up":[{"embeddable":true,"href":"https:\/\/docday.ch\/fr\/wp-json\/wp\/v2\/pages\/522"}],"wp:attachment":[{"href":"https:\/\/docday.ch\/fr\/wp-json\/wp\/v2\/media?parent=524"}],"curies":[{"name":"wp","href":"https:\/\/api.w.org\/{rel}","templated":true}]}}