{"id":526,"date":"2014-03-21T16:52:30","date_gmt":"2014-03-21T14:52:30","guid":{"rendered":"https:\/\/docday.ch\/?page_id=526"},"modified":"2018-01-28T22:13:22","modified_gmt":"2018-01-28T20:13:22","slug":"restauration","status":"publish","type":"page","link":"https:\/\/docday.ch\/fr\/visiteurs\/restauration\/","title":{"rendered":"Restauration"},"content":{"rendered":"<p>A l&rsquo;entr\u00e9e principale de l&rsquo;ETH Zurich se trouve un caf\u00e9-bar proposant caf\u00e9, boissons et snacks.<br \/>\nSi vous souhaitez prendre un d\u00e9jeuner complet, la cantine de l&rsquo;Universit\u00e9 de Zurich est accessible \u00e0 pied en 5 minutes \u00e0 pied. Elle est ouverte le samedi.<\/p>\n","protected":false},"excerpt":{"rendered":"<p>A l&rsquo;entr\u00e9e principale de l&rsquo;ETH Zurich se trouve un caf\u00e9-bar proposant caf\u00e9, boissons et snacks. Si vous souhaitez prendre un d\u00e9jeuner complet, la cantine de l&rsquo;Universit\u00e9 de Zurich est accessible \u00e0 pied en 5 minutes \u00e0 pied. Elle est ouverte le samedi.<\/p>\n","protected":false},"author":2,"featured_media":0,"parent":522,"menu_order":0,"comment_status":"open","ping_status":"open","template":"template-fullwidth.php","meta":{"footnotes":""},"class_list":["post-526","page","type-page","status-publish","hentry"],"_links":{"self":[{"href":"https:\/\/docday.ch\/fr\/wp-json\/wp\/v2\/pages\/526","targetHints":{"allow":["GET"]}}],"collection":[{"href":"https:\/\/docday.ch\/fr\/wp-json\/wp\/v2\/pages"}],"about":[{"href":"https:\/\/docday.ch\/fr\/wp-json\/wp\/v2\/types\/page"}],"author":[{"embeddable":true,"href":"https:\/\/docday.ch\/fr\/wp-json\/wp\/v2\/users\/2"}],"replies":[{"embeddable":true,"href":"https:\/\/docday.ch\/fr\/wp-json\/wp\/v2\/comments?post=526"}],"version-history":[{"count":4,"href":"https:\/\/docday.ch\/fr\/wp-json\/wp\/v2\/pages\/526\/revisions"}],"predecessor-version":[{"id":2297,"href":"https:\/\/docday.ch\/fr\/wp-json\/wp\/v2\/pages\/526\/revisions\/2297"}],"up":[{"embeddable":true,"href":"https:\/\/docday.ch\/fr\/wp-json\/wp\/v2\/pages\/522"}],"wp:attachment":[{"href":"https:\/\/docday.ch\/fr\/wp-json\/wp\/v2\/media?parent=526"}],"curies":[{"name":"wp","href":"https:\/\/api.w.org\/{rel}","templated":true}]}}