{"id":530,"date":"2014-03-21T16:55:08","date_gmt":"2014-03-21T14:55:08","guid":{"rendered":"https:\/\/docday.ch\/?page_id=530"},"modified":"2014-10-20T20:01:11","modified_gmt":"2014-10-20T18:01:11","slug":"devenir-partenaire","status":"publish","type":"page","link":"https:\/\/docday.ch\/fr\/pour-les-entreprises\/devenir-partenaire\/","title":{"rendered":"Devenir partenaire"},"content":{"rendered":"<p>Devenez l\u2019un de nos partenaires! En collaborant \u00e0 ce projet, vous gagnerez en visibilit\u00e9 aupr\u00e8s d\u2019un public sp\u00e9cifique, autrement difficilement accessible. De plus votre participation vous rendra partie int\u00e9grante du DocDay et de sa r\u00e9ussite.<\/p>\n<p>Votre entreprise est-elle int\u00e9ress\u00e9e \u00e0 un partenariat?<br \/>\nEnvoyez-nous <a href=\"mailto:info@docday.ch\">un email<\/a> et nous vous feront parvenir toutes les informations n\u00e9cessaires.<\/p>\n","protected":false},"excerpt":{"rendered":"<p>Devenez l\u2019un de nos partenaires! En collaborant \u00e0 ce projet, vous gagnerez en visibilit\u00e9 aupr\u00e8s d\u2019un public sp\u00e9cifique, autrement difficilement accessible. De plus votre participation vous rendra partie int\u00e9grante du DocDay et de sa r\u00e9ussite. Votre entreprise est-elle int\u00e9ress\u00e9e \u00e0 un partenariat? Envoyez-nous un email et nous vous feront parvenir toutes les informations n\u00e9cessaires.<\/p>\n","protected":false},"author":2,"featured_media":0,"parent":528,"menu_order":0,"comment_status":"open","ping_status":"open","template":"template-fullwidth.php","meta":{"footnotes":""},"class_list":["post-530","page","type-page","status-publish","hentry"],"_links":{"self":[{"href":"https:\/\/docday.ch\/fr\/wp-json\/wp\/v2\/pages\/530","targetHints":{"allow":["GET"]}}],"collection":[{"href":"https:\/\/docday.ch\/fr\/wp-json\/wp\/v2\/pages"}],"about":[{"href":"https:\/\/docday.ch\/fr\/wp-json\/wp\/v2\/types\/page"}],"author":[{"embeddable":true,"href":"https:\/\/docday.ch\/fr\/wp-json\/wp\/v2\/users\/2"}],"replies":[{"embeddable":true,"href":"https:\/\/docday.ch\/fr\/wp-json\/wp\/v2\/comments?post=530"}],"version-history":[{"count":5,"href":"https:\/\/docday.ch\/fr\/wp-json\/wp\/v2\/pages\/530\/revisions"}],"predecessor-version":[{"id":1424,"href":"https:\/\/docday.ch\/fr\/wp-json\/wp\/v2\/pages\/530\/revisions\/1424"}],"up":[{"embeddable":true,"href":"https:\/\/docday.ch\/fr\/wp-json\/wp\/v2\/pages\/528"}],"wp:attachment":[{"href":"https:\/\/docday.ch\/fr\/wp-json\/wp\/v2\/media?parent=530"}],"curies":[{"name":"wp","href":"https:\/\/api.w.org\/{rel}","templated":true}]}}