{"id":533,"date":"2014-03-21T16:57:25","date_gmt":"2014-03-21T14:57:25","guid":{"rendered":"https:\/\/docday.ch\/?page_id=533"},"modified":"2014-10-20T19:55:25","modified_gmt":"2014-10-20T17:55:25","slug":"devenir-sponsors","status":"publish","type":"page","link":"https:\/\/docday.ch\/fr\/pour-les-entreprises\/devenir-sponsors\/","title":{"rendered":"Devenir sponsors"},"content":{"rendered":"<p>Devenez l\u2019un de nos sponsors! Vos produits peuvent \u00eatre un apport essentiel au succ\u00e8s du DocDay.<\/p>\n<p>Votre entreprise est-elle int\u00e9ress\u00e9e \u00e0 un partenariat de sponsoring?<\/p>\n<p>Envoyez-nous un <a href=\"mailto:info@docday.ch\">e-mail<\/a>!<\/p>\n","protected":false},"excerpt":{"rendered":"<p>Devenez l\u2019un de nos sponsors! Vos produits peuvent \u00eatre un apport essentiel au succ\u00e8s du DocDay. Votre entreprise est-elle int\u00e9ress\u00e9e \u00e0 un partenariat de sponsoring? Envoyez-nous un e-mail!<\/p>\n","protected":false},"author":2,"featured_media":0,"parent":528,"menu_order":0,"comment_status":"open","ping_status":"open","template":"template-fullwidth.php","meta":{"footnotes":""},"class_list":["post-533","page","type-page","status-publish","hentry"],"_links":{"self":[{"href":"https:\/\/docday.ch\/fr\/wp-json\/wp\/v2\/pages\/533","targetHints":{"allow":["GET"]}}],"collection":[{"href":"https:\/\/docday.ch\/fr\/wp-json\/wp\/v2\/pages"}],"about":[{"href":"https:\/\/docday.ch\/fr\/wp-json\/wp\/v2\/types\/page"}],"author":[{"embeddable":true,"href":"https:\/\/docday.ch\/fr\/wp-json\/wp\/v2\/users\/2"}],"replies":[{"embeddable":true,"href":"https:\/\/docday.ch\/fr\/wp-json\/wp\/v2\/comments?post=533"}],"version-history":[{"count":4,"href":"https:\/\/docday.ch\/fr\/wp-json\/wp\/v2\/pages\/533\/revisions"}],"predecessor-version":[{"id":1421,"href":"https:\/\/docday.ch\/fr\/wp-json\/wp\/v2\/pages\/533\/revisions\/1421"}],"up":[{"embeddable":true,"href":"https:\/\/docday.ch\/fr\/wp-json\/wp\/v2\/pages\/528"}],"wp:attachment":[{"href":"https:\/\/docday.ch\/fr\/wp-json\/wp\/v2\/media?parent=533"}],"curies":[{"name":"wp","href":"https:\/\/api.w.org\/{rel}","templated":true}]}}