{"id":535,"date":"2014-03-21T17:00:43","date_gmt":"2014-03-21T15:00:43","guid":{"rendered":"https:\/\/docday.ch\/?page_id=535"},"modified":"2018-01-28T23:21:13","modified_gmt":"2018-01-28T21:21:13","slug":"votre-participation","status":"publish","type":"page","link":"https:\/\/docday.ch\/fr\/fuer-aerztinnen\/votre-participation\/","title":{"rendered":"Votre participation"},"content":{"rendered":"<p>Votre soci\u00e9t\u00e9 de discipline est-elle int\u00e9ress\u00e9e \u00e0 prendre part au DocDay?<br \/>\nContactez-nous par <a href=\"mailto:info@docday.ch\">e-mail<\/a>.<\/p>\n","protected":false},"excerpt":{"rendered":"<p>Votre soci\u00e9t\u00e9 de discipline est-elle int\u00e9ress\u00e9e \u00e0 prendre part au DocDay? Contactez-nous par e-mail.<\/p>\n","protected":false},"author":2,"featured_media":0,"parent":570,"menu_order":0,"comment_status":"open","ping_status":"open","template":"template-fullwidth.php","meta":{"footnotes":""},"class_list":["post-535","page","type-page","status-publish","hentry"],"_links":{"self":[{"href":"https:\/\/docday.ch\/fr\/wp-json\/wp\/v2\/pages\/535","targetHints":{"allow":["GET"]}}],"collection":[{"href":"https:\/\/docday.ch\/fr\/wp-json\/wp\/v2\/pages"}],"about":[{"href":"https:\/\/docday.ch\/fr\/wp-json\/wp\/v2\/types\/page"}],"author":[{"embeddable":true,"href":"https:\/\/docday.ch\/fr\/wp-json\/wp\/v2\/users\/2"}],"replies":[{"embeddable":true,"href":"https:\/\/docday.ch\/fr\/wp-json\/wp\/v2\/comments?post=535"}],"version-history":[{"count":3,"href":"https:\/\/docday.ch\/fr\/wp-json\/wp\/v2\/pages\/535\/revisions"}],"predecessor-version":[{"id":2329,"href":"https:\/\/docday.ch\/fr\/wp-json\/wp\/v2\/pages\/535\/revisions\/2329"}],"up":[{"embeddable":true,"href":"https:\/\/docday.ch\/fr\/wp-json\/wp\/v2\/pages\/570"}],"wp:attachment":[{"href":"https:\/\/docday.ch\/fr\/wp-json\/wp\/v2\/media?parent=535"}],"curies":[{"name":"wp","href":"https:\/\/api.w.org\/{rel}","templated":true}]}}