{"id":645,"date":"2014-04-09T17:47:03","date_gmt":"2014-04-09T15:47:03","guid":{"rendered":"https:\/\/docday.ch\/?page_id=645"},"modified":"2014-10-16T19:42:53","modified_gmt":"2014-10-16T17:42:53","slug":"comite-dorganisation","status":"publish","type":"page","link":"https:\/\/docday.ch\/fr\/comite-dorganisation\/","title":{"rendered":"Comit\u00e9 d&rsquo;organisation"},"content":{"rendered":"<p>[team_member style=\u00a0\u00bbtm_style1&Prime; image_src=\u00a0\u00bbhttp:\/\/www.docday.ch\/media2\/1-pp_DSC_4265.jpg\u00a0\u00bb name=\u00a0\u00bbSivert Kupfer\u00a0\u00bb position=\u00a0\u00bbPartner Relations, Fair &amp; Finance\u00a0\u00bb column=\u00a0\u00bbone_fourth\u00a0\u00bb column_position=\u00a0\u00bbother\u00a0\u00bb]Sivert Kupfer est en 5\u00e8me ann\u00e9e d\u2019\u00e9tudes de m\u00e9decine humaine \u00e0 l\u2019Universit\u00e9 de Zurich. Il est co-fondateur du DocDay. Sa grande passion pendant son temps libre est le sport.[\/team_member]<br \/>\n[team_member style=\u00a0\u00bbtm_style1&Prime; image_src=\u00a0\u00bbhttp:\/\/www.docday.ch\/media2\/1-pp_DSC_4443.jpg\u00a0\u00bb name=\u00a0\u00bbNiklas Stauffer\u00a0\u00bb position=\u00a0\u00bbMedia &amp; Print, Webmaster\u00a0\u00bb column=\u00a0\u00bbone_fourth\u00a0\u00bb column_position=\u00a0\u00bbother\u00a0\u00bb]Niklas Stauffer est en 6\u00e8me ann\u00e9e d\u2019\u00e9tudes de m\u00e9decine humaine \u00e0 l\u2019Universit\u00e9 de Zurich. Il est co-fondateur du DocDay. Dans son temps libre, il pratique le sport d\u2019endurance et la photographie.[\/team_member]<br \/>\n[team_member style=\u00a0\u00bbtm_style1&Prime; image_src=\u00a0\u00bbhttp:\/\/www.docday.ch\/media2\/1-pp_DSC_4267.jpg\u00a0\u00bb name=\u00a0\u00bbNorina Gassmann\u00a0\u00bb position=\u00a0\u00bbDoctor Relations\u00a0\u00bb column=\u00a0\u00bbone_fourth\u00a0\u00bb column_position=\u00a0\u00bbother\u00a0\u00bb]Norina Gassmann est en 4\u00e8me ann\u00e9e d\u2019\u00e9tudes de m\u00e9decine humaine \u00e0 l\u2019Universit\u00e9 de Zurich. A c\u00f4t\u00e9 de ses \u00e9tudes elle travaille comme aide-soignante \u00e0 l\u2019h\u00f4pital pour enfants. Pendant temps libre, elle aime faire du sport, les activit\u00e9s cr\u00e9atives et voyage beaucoup \u00e0 l\u2019\u00e9tranger.[\/team_member]<\/p>\n<p>[team_member style=\u00a0\u00bbtm_style1&Prime; image_src=\u00a0\u00bbhttp:\/\/www.docday.ch\/media2\/1-pp_DSC_4415.jpg\u00a0\u00bb name=\u00a0\u00bbLorenz M\u00fcrner\u00a0\u00bb position=\u00a0\u00bbDoctor Relations\u00a0\u00bb column=\u00a0\u00bbone_fourth\u00a0\u00bb column_position=\u00a0\u00bblast\u00a0\u00bb]Lorenz M\u00fcrner est en 4\u00e8me ann\u00e9e d\u2019\u00e9tudes de m\u00e9decine humaine \u00e0 l\u2019Universit\u00e9 de Zurich. Il travaille \u00e0 l\u2019h\u00f4pital de M\u00e4nnedorf \u00e0 temps partiel. Il passe son temps libre \u00e0 voyager, lire, faire du sport et \u00e9couter de la musique.[\/team_member]<\/p>\n","protected":false},"excerpt":{"rendered":"<p>[team_member style=\u00a0\u00bbtm_style1&Prime; image_src=\u00a0\u00bbhttp:\/\/www.docday.ch\/media2\/1-pp_DSC_4265.jpg\u00a0\u00bb name=\u00a0\u00bbSivert Kupfer\u00a0\u00bb position=\u00a0\u00bbPartner Relations, Fair &amp; Finance\u00a0\u00bb column=\u00a0\u00bbone_fourth\u00a0\u00bb column_position=\u00a0\u00bbother\u00a0\u00bb]Sivert Kupfer est en 5\u00e8me ann\u00e9e d\u2019\u00e9tudes de m\u00e9decine humaine \u00e0 l\u2019Universit\u00e9 de Zurich. Il est co-fondateur du DocDay. Sa grande passion pendant son temps libre est le sport.[\/team_member] [team_member style=\u00a0\u00bbtm_style1&Prime; image_src=\u00a0\u00bbhttp:\/\/www.docday.ch\/media2\/1-pp_DSC_4443.jpg\u00a0\u00bb name=\u00a0\u00bbNiklas Stauffer\u00a0\u00bb position=\u00a0\u00bbMedia &amp; Print, Webmaster\u00a0\u00bb column=\u00a0\u00bbone_fourth\u00a0\u00bb column_position=\u00a0\u00bbother\u00a0\u00bb]Niklas Stauffer est en 6\u00e8me [&hellip;]<\/p>\n","protected":false},"author":2,"featured_media":0,"parent":0,"menu_order":0,"comment_status":"open","ping_status":"open","template":"template-fullwidth.php","meta":{"footnotes":""},"class_list":["post-645","page","type-page","status-publish","hentry"],"_links":{"self":[{"href":"https:\/\/docday.ch\/fr\/wp-json\/wp\/v2\/pages\/645","targetHints":{"allow":["GET"]}}],"collection":[{"href":"https:\/\/docday.ch\/fr\/wp-json\/wp\/v2\/pages"}],"about":[{"href":"https:\/\/docday.ch\/fr\/wp-json\/wp\/v2\/types\/page"}],"author":[{"embeddable":true,"href":"https:\/\/docday.ch\/fr\/wp-json\/wp\/v2\/users\/2"}],"replies":[{"embeddable":true,"href":"https:\/\/docday.ch\/fr\/wp-json\/wp\/v2\/comments?post=645"}],"version-history":[{"count":4,"href":"https:\/\/docday.ch\/fr\/wp-json\/wp\/v2\/pages\/645\/revisions"}],"predecessor-version":[{"id":1369,"href":"https:\/\/docday.ch\/fr\/wp-json\/wp\/v2\/pages\/645\/revisions\/1369"}],"wp:attachment":[{"href":"https:\/\/docday.ch\/fr\/wp-json\/wp\/v2\/media?parent=645"}],"curies":[{"name":"wp","href":"https:\/\/api.w.org\/{rel}","templated":true}]}}